{"id":2721,"date":"2020-02-08T20:45:24","date_gmt":"2020-02-08T20:45:24","guid":{"rendered":"https:\/\/hindi-online.com\/?page_id=2721"},"modified":"2020-02-08T21:24:27","modified_gmt":"2020-02-08T21:24:27","slug":"intensiv-kurs-in-goa","status":"publish","type":"page","link":"https:\/\/hindi-online.com\/?page_id=2721","title":{"rendered":"Intensiv Kurs in Goa"},"content":{"rendered":"<p>Ich biete wieder eine Hindi-Sprachreise an \u2013 dieses Mal nach Goa, wo Ihr das N\u00fctzliche mit dem Angenehmen verbinden k\u00f6nnt. In einem malerischen Ambiente k\u00f6nnt Ihr den halben Tag Hindi lernen und den Rest des Tages einfach faul am Strand liegen, einen leckeren Chai in einem der nahegelegen Strand-Restaurants mit Blick aufs Meer trinken oder neugierig die Gegend erkunden.<\/p>\n<p>Neugierig geworden? Dann meldet euch f\u00fcr n\u00e4here Informationen bei mir auf Whatsapp unter der Nummer 0176 24 25 21 83. Unter folgendem Link k\u00f6nnt ihr Euch Bilder und Eindr\u00fccke von Teilnehmer*innen meiner vergangenen Sprachreisen ansehen:<\/p>\n<p><a href=\"https:\/\/www.facebook.com\/pg\/Hindi-Online-324435419448\/photos\/?tab=album&amp;album_id=10150718890224449\" target=\"_blank\" rel=\"noopener noreferrer\">Sprachreise 2012<\/a><\/p>\n<p><a href=\"https:\/\/www.facebook.com\/pg\/Hindi-Online-324435419448\/photos\/?tab=album&amp;album_id=10151178854809449\" target=\"_blank\" rel=\"noopener noreferrer\">Sprachreise 2013<\/a><\/p>\n<p>Teilnehmerin Feedback 2012<\/p>\n<p>Frau Ebrahimi: Ich war mit dem Hindiunterricht sehr zufrieden. Am besten hat mir gefallen, dass auf grammatische Schwachstellen oder L\u00fccken immer sofort eingegangen wurde und diese Strukturen dann ge\u00fcbt wurden, sodass bei mir dadurch manches vertieft wurde (Danke!). Ein anderer Schwerpunkt war die Anwendung des Hindi im realen Leben. Dazu wurde Gelegenheit gegeben, die Gelegenheit herbeigef\u00fchrt \u2013 das war wirklich wunderbar und manchmal auch lustig. Jedenfalls habe ich die Scheu vor dem Sprechen verloren.<\/p>\n<p>Vielleicht w\u00e4ren mehr Hausaufgaben sinnvoll gewesen oder das Lesen eines Zeitungsartikels, aber die Zeit war zu kurz und wir am Abend oft m\u00fcde.<\/p>\n<p>Besonders hat mir an der Sprachreise gefallen, dass ihr ein \u201aganzheitliches Konzept\u2018 zugrunde lag, indem Sprache, Land, Menschen, Kultur und Erlebnisse miteinander verbunden waren. So habe ich jedenfalls das Sprache lernen erlebt: Inside India.<\/p>\n<figure id=\"attachment_2727\" aria-describedby=\"caption-attachment-2727\" style=\"width: 678px\" class=\"wp-caption alignnone\"><img loading=\"lazy\" class=\"wp-image-2727 size-full\" src=\"https:\/\/hindi-online.com\/wp-content\/uploads\/2020\/02\/Hindi-Intensivkurs-in-Goa-mit-Anjana.jpg\" alt=\"Hindi Intensivkurs in Indien\" width=\"678\" height=\"960\" srcset=\"https:\/\/hindi-online.com\/wp-content\/uploads\/2020\/02\/Hindi-Intensivkurs-in-Goa-mit-Anjana.jpg 678w, https:\/\/hindi-online.com\/wp-content\/uploads\/2020\/02\/Hindi-Intensivkurs-in-Goa-mit-Anjana-212x300.jpg 212w, https:\/\/hindi-online.com\/wp-content\/uploads\/2020\/02\/Hindi-Intensivkurs-in-Goa-mit-Anjana-400x566.jpg 400w, https:\/\/hindi-online.com\/wp-content\/uploads\/2020\/02\/Hindi-Intensivkurs-in-Goa-mit-Anjana-430x609.jpg 430w, https:\/\/hindi-online.com\/wp-content\/uploads\/2020\/02\/Hindi-Intensivkurs-in-Goa-mit-Anjana-150x212.jpg 150w, https:\/\/hindi-online.com\/wp-content\/uploads\/2020\/02\/Hindi-Intensivkurs-in-Goa-mit-Anjana-100x142.jpg 100w\" sizes=\"(max-width: 678px) 100vw, 678px\" \/><figcaption id=\"caption-attachment-2727\" class=\"wp-caption-text\">Hindi Intensivkurs in Goa<\/figcaption><\/figure>\n<p>&nbsp;<\/p>\n<p>&nbsp;<\/p>\n<p>&nbsp;<\/p>\n","protected":false},"excerpt":{"rendered":"<p>Ich biete wieder eine Hindi-Sprachreise an \u2013 dieses Mal nach Goa, wo Ihr das N\u00fctzliche mit dem Angenehmen verbinden k\u00f6nnt. In einem malerischen Ambiente k\u00f6nnt Ihr den halben Tag Hindi [&hellip;]<\/p>\n","protected":false},"author":1,"featured_media":2727,"parent":0,"menu_order":0,"comment_status":"closed","ping_status":"closed","template":"","meta":[],"_links":{"self":[{"href":"https:\/\/hindi-online.com\/index.php?rest_route=\/wp\/v2\/pages\/2721"}],"collection":[{"href":"https:\/\/hindi-online.com\/index.php?rest_route=\/wp\/v2\/pages"}],"about":[{"href":"https:\/\/hindi-online.com\/index.php?rest_route=\/wp\/v2\/types\/page"}],"author":[{"embeddable":true,"href":"https:\/\/hindi-online.com\/index.php?rest_route=\/wp\/v2\/users\/1"}],"replies":[{"embeddable":true,"href":"https:\/\/hindi-online.com\/index.php?rest_route=%2Fwp%2Fv2%2Fcomments&post=2721"}],"version-history":[{"count":5,"href":"https:\/\/hindi-online.com\/index.php?rest_route=\/wp\/v2\/pages\/2721\/revisions"}],"predecessor-version":[{"id":2731,"href":"https:\/\/hindi-online.com\/index.php?rest_route=\/wp\/v2\/pages\/2721\/revisions\/2731"}],"wp:featuredmedia":[{"embeddable":true,"href":"https:\/\/hindi-online.com\/index.php?rest_route=\/wp\/v2\/media\/2727"}],"wp:attachment":[{"href":"https:\/\/hindi-online.com\/index.php?rest_route=%2Fwp%2Fv2%2Fmedia&parent=2721"}],"curies":[{"name":"wp","href":"https:\/\/api.w.org\/{rel}","templated":true}]}}