{"id":2455,"date":"2015-02-13T16:21:06","date_gmt":"2015-02-13T16:21:06","guid":{"rendered":"https:\/\/demo.athemes.com\/moesia\/?page_id=2455"},"modified":"2024-05-05T21:36:38","modified_gmt":"2024-05-05T21:36:38","slug":"masonry-portfolio","status":"publish","type":"page","link":"https:\/\/hindi-online.com\/?page_id=2455","title":{"rendered":"Aktuelles"},"content":{"rendered":"<p>Hindikurse im Ausw\u00e4rtiges Amt (nur f\u00fcr die Mitarbeiter des Ausw\u00e4rtiges Amt)<\/p>\n<p>Hindi Kurse f\u00fcr Kinder<\/p>\n<p>Hindikurse an der TU Berlin<\/p>\n<p>Privat Kurse<\/p>\n<p>&nbsp;<\/p>\n<p>* Alle Kurse erfolgen gem\u00e4\u00df europ\u00e4ischem Referenzrahmen. Infos zum Referenzrahmen finden Sie<\/p>\n<p>unten:<\/p>\n<p>Die sechs Kompetenzstufen<\/p>\n<p>elementare Sprachverwendung (A1 und A2)<\/p>\n<p>selbstst\u00e4ndige Sprachverwendung (B1 und B2)<\/p>\n<p>kompetente Sprachverwendung (C)<\/p>\n<p>fortgeschrittenes Kompetenzniveau (C1)<\/p>\n<p>nahezu muttersprachliche Sprachbeherrschung (C2)<\/p>\n<p>&nbsp;<\/p>\n<p>&nbsp;<\/p>\n<p>&nbsp;<\/p>\n<p>Gerne berate ich Sie bei der Einstufung.<\/p>\n","protected":false},"excerpt":{"rendered":"<p>Hindikurse im Ausw\u00e4rtiges Amt (nur f\u00fcr die Mitarbeiter des Ausw\u00e4rtiges Amt) Hindi Kurse f\u00fcr Kinder Hindikurse an der TU Berlin Privat Kurse &nbsp; * Alle Kurse erfolgen gem\u00e4\u00df europ\u00e4ischem Referenzrahmen. [&hellip;]<\/p>\n","protected":false},"author":1,"featured_media":0,"parent":0,"menu_order":0,"comment_status":"closed","ping_status":"closed","template":"page_fullwidth.php","meta":[],"_links":{"self":[{"href":"https:\/\/hindi-online.com\/index.php?rest_route=\/wp\/v2\/pages\/2455"}],"collection":[{"href":"https:\/\/hindi-online.com\/index.php?rest_route=\/wp\/v2\/pages"}],"about":[{"href":"https:\/\/hindi-online.com\/index.php?rest_route=\/wp\/v2\/types\/page"}],"author":[{"embeddable":true,"href":"https:\/\/hindi-online.com\/index.php?rest_route=\/wp\/v2\/users\/1"}],"replies":[{"embeddable":true,"href":"https:\/\/hindi-online.com\/index.php?rest_route=%2Fwp%2Fv2%2Fcomments&post=2455"}],"version-history":[{"count":6,"href":"https:\/\/hindi-online.com\/index.php?rest_route=\/wp\/v2\/pages\/2455\/revisions"}],"predecessor-version":[{"id":2769,"href":"https:\/\/hindi-online.com\/index.php?rest_route=\/wp\/v2\/pages\/2455\/revisions\/2769"}],"wp:attachment":[{"href":"https:\/\/hindi-online.com\/index.php?rest_route=%2Fwp%2Fv2%2Fmedia&parent=2455"}],"curies":[{"name":"wp","href":"https:\/\/api.w.org\/{rel}","templated":true}]}}