{"id":2066,"date":"2014-07-14T22:58:36","date_gmt":"2014-07-14T22:58:36","guid":{"rendered":"https:\/\/demo.athemes.com\/moesia\/?page_id=2066"},"modified":"2018-09-11T09:35:47","modified_gmt":"2018-09-11T09:35:47","slug":"blog","status":"publish","type":"page","link":"https:\/\/hindi-online.com\/?page_id=2066","title":{"rendered":"Impressum"},"content":{"rendered":"<p>Anjana Singh<\/p>\n<p>Gritznerstr. 39<\/p>\n<p>12163 Berlin<\/p>\n<p>&nbsp;<\/p>\n<p>&nbsp;<\/p>\n<p><strong>Rechtlicher Hinweis<\/strong>: Von den von mir betreuten Seiten f\u00fchren Links zu anderen Seiten im Internet. Entsprechend dem Urteil des Landgerichts Hamburg vom 12. Mai 1998 wird hiermit erkl\u00e4rt, dass ich keinen Einfluss auf die Gestaltung und auf die Inhalte der gelinkten Seiten habe. ich distanziere mich hiermit ausdr\u00fccklich von allen Inhalten aller gelinkten Seiten und mache mich diese nicht zu Eigen. Diese Erkl\u00e4rung gilt f\u00fcr alle Links von den Seiten, die von mir gepflegt werden sowie f\u00fcr die Inhalte der Seiten zu denen diese Links f\u00fchren.<\/p>\n<p>&nbsp;<\/p>\n<p>&nbsp;<\/p>\n","protected":false},"excerpt":{"rendered":"<p>Anjana Singh Gritznerstr. 39 12163 Berlin &nbsp; &nbsp; Rechtlicher Hinweis: Von den von mir betreuten Seiten f\u00fchren Links zu anderen Seiten im Internet. Entsprechend dem Urteil des Landgerichts Hamburg vom [&hellip;]<\/p>\n","protected":false},"author":1,"featured_media":0,"parent":0,"menu_order":0,"comment_status":"open","ping_status":"open","template":"","meta":[],"_links":{"self":[{"href":"https:\/\/hindi-online.com\/index.php?rest_route=\/wp\/v2\/pages\/2066"}],"collection":[{"href":"https:\/\/hindi-online.com\/index.php?rest_route=\/wp\/v2\/pages"}],"about":[{"href":"https:\/\/hindi-online.com\/index.php?rest_route=\/wp\/v2\/types\/page"}],"author":[{"embeddable":true,"href":"https:\/\/hindi-online.com\/index.php?rest_route=\/wp\/v2\/users\/1"}],"replies":[{"embeddable":true,"href":"https:\/\/hindi-online.com\/index.php?rest_route=%2Fwp%2Fv2%2Fcomments&post=2066"}],"version-history":[{"count":2,"href":"https:\/\/hindi-online.com\/index.php?rest_route=\/wp\/v2\/pages\/2066\/revisions"}],"predecessor-version":[{"id":2585,"href":"https:\/\/hindi-online.com\/index.php?rest_route=\/wp\/v2\/pages\/2066\/revisions\/2585"}],"wp:attachment":[{"href":"https:\/\/hindi-online.com\/index.php?rest_route=%2Fwp%2Fv2%2Fmedia&parent=2066"}],"curies":[{"name":"wp","href":"https:\/\/api.w.org\/{rel}","templated":true}]}}